{"id":2,"date":"2023-06-02T00:43:37","date_gmt":"2023-06-02T05:43:37","guid":{"rendered":"http:\/\/germangarcia.com.co\/?page_id=2"},"modified":"2023-07-04T20:06:07","modified_gmt":"2023-07-05T01:06:07","slug":"pagina-ejemplo","status":"publish","type":"page","link":"https:\/\/germangarcia.com.co\/","title":{"rendered":"Germ\u00e1n Garc\u00eda Maya"},"content":{"rendered":"\n<p>\u00a1Hola! quiero contarles un poco de mi, nac\u00ed en Bogot\u00e1 el 29 de octubre de 1988, tengo 34 a\u00f1os, soy egresado de la facultad de Jurisprudencia del colegio Mayor de Nuestra Se\u00f1ora del Rosario, tengo estudios de postgrado en Derecho Laboral y Seguridad Social de la misma Universidad, tambi\u00e9n soy especialista en Gobierno, Gerencia y Asuntos P\u00fablicos de la Universidad Externado.<\/p>\n\n\n\n<p>Durante el a\u00f1o 2012 trabaj\u00e9 en la Direcci\u00f3n de Riesgos Laborales del Ministerio del Trabajo y en el a\u00f1o 2013 en la Direcci\u00f3n de asuntos legislativos del Ministerio del Interior hasta el a\u00f1o 2014, a\u00f1o en donde se vincul\u00f3 como asesor de la Unidad de Trabajo Legislativo del senador de la republica Rodrigo Villalba Mosquera.<\/p>\n\n\n\n<figure><img decoding=\"async\" src=\"https:\/\/germangarcia.com.co\/wp-content\/uploads\/2023\/07\/DSC_0030-683x1024.jpg\" alt=\"\"\/><\/figure>\n\n\n\n<p><\/p>\n\n\n<p><style>\/*! elementor - v3.14.0 - 26-06-2023 *\/<br \/>\n.elementor-widget-image{text-align:center}.elementor-widget-image a{display:inline-block}.elementor-widget-image a img[src$=\".svg\"]{width:48px}.elementor-widget-image img{vertical-align:middle;display:inline-block}<\/style>\n<\/p>\n<p><img fetchpriority=\"high\" decoding=\"async\" src=\"http:\/\/germangarcia.com.co\/wp-content\/uploads\/2023\/07\/DSC_8164-1024x683.jpg\" sizes=\"(max-width: 840px) 100vw, 840px\" srcset=\"https:\/\/germangarcia.com.co\/wp-content\/uploads\/2023\/07\/DSC_8164-1024x683.jpg 1024w, https:\/\/germangarcia.com.co\/wp-content\/uploads\/2023\/07\/DSC_8164-300x200.jpg 300w, https:\/\/germangarcia.com.co\/wp-content\/uploads\/2023\/07\/DSC_8164-768x512.jpg 768w, https:\/\/germangarcia.com.co\/wp-content\/uploads\/2023\/07\/DSC_8164-1536x1024.jpg 1536w, https:\/\/germangarcia.com.co\/wp-content\/uploads\/2023\/07\/DSC_8164-2048x1365.jpg 2048w, https:\/\/germangarcia.com.co\/wp-content\/uploads\/2023\/07\/DSC_8164-90x60.jpg 90w, https:\/\/germangarcia.com.co\/wp-content\/uploads\/2023\/07\/DSC_8164-420x280.jpg 420w\" alt=\"Familia en la localidad de Usme\" width=\"840\" height=\"560\"><br><img decoding=\"async\" src=\"http:\/\/germangarcia.com.co\/wp-content\/uploads\/2023\/07\/DSC_5073-1024x683.jpg\" sizes=\"(max-width: 840px) 100vw, 840px\" srcset=\"https:\/\/germangarcia.com.co\/wp-content\/uploads\/2023\/07\/DSC_5073-1024x683.jpg 1024w, https:\/\/germangarcia.com.co\/wp-content\/uploads\/2023\/07\/DSC_5073-300x200.jpg 300w, https:\/\/germangarcia.com.co\/wp-content\/uploads\/2023\/07\/DSC_5073-768x512.jpg 768w, https:\/\/germangarcia.com.co\/wp-content\/uploads\/2023\/07\/DSC_5073-1536x1024.jpg 1536w, https:\/\/germangarcia.com.co\/wp-content\/uploads\/2023\/07\/DSC_5073-2048x1365.jpg 2048w\" alt=\"SESI\u00d3N CONCEJO DE BOGOT\u00c1\" width=\"840\" height=\"560\"><\/p>\n<p><style>\/*! elementor - v3.14.0 - 26-06-2023 *\/<br \/>\n.elementor-widget-image-box .elementor-image-box-content{width:100%}@media (min-width:768px){.elementor-widget-image-box.elementor-position-left .elementor-image-box-wrapper,.elementor-widget-image-box.elementor-position-right .elementor-image-box-wrapper{display:flex}.elementor-widget-image-box.elementor-position-right .elementor-image-box-wrapper{text-align:right;flex-direction:row-reverse}.elementor-widget-image-box.elementor-position-left .elementor-image-box-wrapper{text-align:left;flex-direction:row}.elementor-widget-image-box.elementor-position-top .elementor-image-box-img{margin:auto}.elementor-widget-image-box.elementor-vertical-align-top .elementor-image-box-wrapper{align-items:flex-start}.elementor-widget-image-box.elementor-vertical-align-middle .elementor-image-box-wrapper{align-items:center}.elementor-widget-image-box.elementor-vertical-align-bottom .elementor-image-box-wrapper{align-items:flex-end}}@media (max-width:767px){.elementor-widget-image-box .elementor-image-box-img{margin-left:auto!important;margin-right:auto!important;margin-bottom:15px}}.elementor-widget-image-box .elementor-image-box-img{display:inline-block}.elementor-widget-image-box .elementor-image-box-title a{color:inherit}.elementor-widget-image-box .elementor-image-box-wrapper{text-align:center}.elementor-widget-image-box .elementor-image-box-description{margin:0}<\/style>\n<\/p>\n<figure><img decoding=\"async\" src=\"http:\/\/germangarcia.com.co\/wp-content\/uploads\/2023\/07\/DSC_0384-1536x1024.jpg\" alt=\"\" width=\"840\" height=\"560\"><\/figure>\n<h3>Trabajar por el adulto mayor es lo me motiva d\u00eda a d\u00eda<\/h3>","protected":false},"excerpt":{"rendered":"<p>\u00a1Hola! quiero contarles un poco de mi, nac\u00ed en Bogot\u00e1 el 29 de octubre de 1988, tengo 34 a\u00f1os, soy egresado de la facultad de &hellip; <\/p>\n","protected":false},"author":1,"featured_media":10,"parent":0,"menu_order":0,"comment_status":"closed","ping_status":"open","template":"","meta":[],"_links":{"self":[{"href":"https:\/\/germangarcia.com.co\/index.php\/wp-json\/wp\/v2\/pages\/2"}],"collection":[{"href":"https:\/\/germangarcia.com.co\/index.php\/wp-json\/wp\/v2\/pages"}],"about":[{"href":"https:\/\/germangarcia.com.co\/index.php\/wp-json\/wp\/v2\/types\/page"}],"author":[{"embeddable":true,"href":"https:\/\/germangarcia.com.co\/index.php\/wp-json\/wp\/v2\/users\/1"}],"replies":[{"embeddable":true,"href":"https:\/\/germangarcia.com.co\/index.php\/wp-json\/wp\/v2\/comments?post=2"}],"version-history":[{"count":15,"href":"https:\/\/germangarcia.com.co\/index.php\/wp-json\/wp\/v2\/pages\/2\/revisions"}],"predecessor-version":[{"id":63,"href":"https:\/\/germangarcia.com.co\/index.php\/wp-json\/wp\/v2\/pages\/2\/revisions\/63"}],"wp:featuredmedia":[{"embeddable":true,"href":"https:\/\/germangarcia.com.co\/index.php\/wp-json\/wp\/v2\/media\/10"}],"wp:attachment":[{"href":"https:\/\/germangarcia.com.co\/index.php\/wp-json\/wp\/v2\/media?parent=2"}],"curies":[{"name":"wp","href":"https:\/\/api.w.org\/{rel}","templated":true}]}}